{"id":14,"date":"2013-09-09T10:56:29","date_gmt":"2013-09-09T08:56:29","guid":{"rendered":"http:\/\/carlopeters.de\/?page_id=14"},"modified":"2013-09-12T13:05:55","modified_gmt":"2013-09-12T11:05:55","slug":"links","status":"publish","type":"page","link":"https:\/\/carlopeters.de\/?page_id=14","title":{"rendered":"Links"},"content":{"rendered":"<p>Interessante Internetseiten nach Themengebieten:<br \/>\n<a title=\"freiwillige Feuerwehr Friedrichsgabe\" href=\"http:\/\/www.feuerwehr-friedrichsgabe.de\" target=\"_blank\">Freiwillige Feuerwehr Friedrichsgabe in Norderstedt<\/a><\/p>\n<p><em>Feuerwehr<\/em><br \/>\n<a title=\"Feuerwehr Weblog\" href=\"http:\/\/www.feuerwehr-weblog.org\" target=\"_blank\">www.feuerwehr-weblog.org<\/a> &#8211; Interessanter Blog zu Feuerwehr im allgemeinen<br \/>\n<a title=\"Heavy Rescue\" href=\"http:\/\/www.heavy-rescue.de\" target=\"_blank\">www.heavy-rescue.de<\/a> &#8211; Blog unter dem Motto: heben, retten, stabilisieren<br \/>\n<a title=\"Drehleiter.info - Aus- und Fortbildung\" href=\"http:\/\/www.drehleiter.info\" target=\"_blank\">www.drehleiter.info<\/a> &#8211; Informationen zu Hubrettungsfahrzeugen (HAUS-Regel)<br \/>\n<a title=\"Atemschutzunf\u00e4lle.eu\" href=\"http:\/\/www.atemschutzunfaelle.eu\" target=\"_blank\">www.atemschutzunfaelle.eu<\/a> &#8211; Datenbank zu Unf\u00e4llen unter Atemschutz<br \/>\n<a title=\"Katastrophenmedizin\" href=\"http:\/\/kat-med.blogspot.de\" target=\"_blank\">kat-med.blogspot.de<\/a> &#8211; Blog \u00fcber Gro\u00dfschadenslagen mit medizinischem Einschlag<\/p>\n<p><em>Ingenieurwesen<\/em><br \/>\n<a title=\"CAE-Forum\" href=\"http:\/\/www.cae-forum.de\" target=\"_blank\">www.cae-forum.de<\/a> &#8211; Netzwerk-Plattform f\u00fcr Simulationsexperten<br \/>\n<a title=\"CFD-Online\" href=\"http:\/\/www.cfd-online.com\" target=\"_blank\">www.cfd-online.com<\/a> &#8211; gro\u00dfes Forum rund um nummerische Str\u00f6mungssimulation<br \/>\n<a title=\"Druckger\u00e4te Online\" href=\"http:\/\/www.druckgeraete-online.de\" target=\"_blank\">www.druckgeraete-online.de<\/a> &#8211; Fachportal zu Druckger\u00e4ten<br \/>\n<a title=\"ANSYS Blog\" href=\"http:\/\/www.ansys-blog.com\" target=\"_blank\">www.ansys-blog.com<\/a>\u00a0&#8211; Blog von ANSYS zum Produkt und zu allgemeinen FE-Themen<br \/>\n<a title=\"EDR ANSYS Blog\" href=\"http:\/\/www.edr.no\/blogg\/ansys_bloggen\" target=\"_blank\">www.edr.no\/blogg\/ansys_bloggen<\/a>\u00a0&#8211; Blog eines norwegischen ANSYS-Vertriebes<br \/>\n<a title=\"Another Fine Mesh\" href=\"http:\/\/blog.pointwise.com\" target=\"_blank\">blog.pointwise.com<\/a>\u00a0&#8211; Blog der Firma Pointwise u.a. \u00fcber CFD-Netzgenerierung<br \/>\n<a title=\"Engineering Tips\" href=\"http:\/\/www.eng-tips.com\" target=\"_blank\">www.eng-tips.com<\/a>\u00a0&#8211; Englischsprachiges, branchen\u00fcbergreifendes\u00a0Ingenieurforum<br \/>\n<a title=\"CAD CAM CAE\" href=\"http:\/\/www.cad.de\" target=\"_blank\">www.cad.de<\/a>\u00a0&#8211; Forum rund um CAD, CAM und CAE<br \/>\n<a title=\"Mathetools\" href=\"http:\/\/www.arndt-bruenner.de\/mathe\/mathekurse.htm\" target=\"_blank\">www.arndt-bruenner.de\/mathe\/mathekurse.htm<\/a>\u00a0&#8211; Sammlung von Online-Mathe-Tools<br \/>\n<a title=\"Livescience\" href=\"http:\/\/www.livescience.com\" target=\"_blank\">www.livescience.com<\/a>\u00a0&#8211; englischsprachiges Newsportal f\u00fcr Wissenschaft &amp; Technik<\/p>\n<p><strong><em>Verantwortung f\u00fcr Links<\/em><\/strong><br \/>\nAuf der Webseite befinden sich Links zu Internetseiten von Dritten, so genannte externe Links. Zum Zeitpunkt der Verlinkung wurde die jeweilige Webseite auf Vereinbarkeit mit deutschem Recht \u00fcberpr\u00fcft. Verst\u00f6\u00dfe gegen geltendes Recht wurden nicht festgestellt. Bei den verlinkten Webseiten handelt es sich um Inhalte Dritter, f\u00fcr die\u00a0ich nicht verantwortlich bin, eine regelm\u00e4\u00dfige \u00dcberpr\u00fcfung der verlinkten Webseiten auf Rechtm\u00e4\u00dfigkeit kann ich ausdr\u00fccklich nicht leisten. Wenn\u00a0ich positive Kenntnis von rechtswidrigen Inhalten auf verlinkten Webseiten erhalte, werde\u00a0ich die Links unverz\u00fcglich entfernen.<\/p>\n","protected":false},"excerpt":{"rendered":"<p>Interessante Internetseiten nach Themengebieten: Freiwillige Feuerwehr Friedrichsgabe in Norderstedt Feuerwehr www.feuerwehr-weblog.org &#8211; Interessanter Blog zu Feuerwehr im allgemeinen www.heavy-rescue.de &#8211; Blog unter dem Motto: heben, retten, stabilisieren www.drehleiter.info &#8211; Informationen zu Hubrettungsfahrzeugen (HAUS-Regel) www.atemschutzunfaelle.eu &#8211; Datenbank zu Unf\u00e4llen unter Atemschutz &hellip; <a href=\"https:\/\/carlopeters.de\/?page_id=14\">Weiterlesen <span class=\"meta-nav\">&rarr;<\/span><\/a><\/p>\n","protected":false},"author":1,"featured_media":0,"parent":0,"menu_order":0,"comment_status":"closed","ping_status":"closed","template":"","meta":{"ngg_post_thumbnail":0,"footnotes":""},"class_list":["post-14","page","type-page","status-publish","hentry"],"_links":{"self":[{"href":"https:\/\/carlopeters.de\/index.php?rest_route=\/wp\/v2\/pages\/14","targetHints":{"allow":["GET"]}}],"collection":[{"href":"https:\/\/carlopeters.de\/index.php?rest_route=\/wp\/v2\/pages"}],"about":[{"href":"https:\/\/carlopeters.de\/index.php?rest_route=\/wp\/v2\/types\/page"}],"author":[{"embeddable":true,"href":"https:\/\/carlopeters.de\/index.php?rest_route=\/wp\/v2\/users\/1"}],"replies":[{"embeddable":true,"href":"https:\/\/carlopeters.de\/index.php?rest_route=%2Fwp%2Fv2%2Fcomments&post=14"}],"version-history":[{"count":7,"href":"https:\/\/carlopeters.de\/index.php?rest_route=\/wp\/v2\/pages\/14\/revisions"}],"predecessor-version":[{"id":38,"href":"https:\/\/carlopeters.de\/index.php?rest_route=\/wp\/v2\/pages\/14\/revisions\/38"}],"wp:attachment":[{"href":"https:\/\/carlopeters.de\/index.php?rest_route=%2Fwp%2Fv2%2Fmedia&parent=14"}],"curies":[{"name":"wp","href":"https:\/\/api.w.org\/{rel}","templated":true}]}}