{"id":6,"date":"2013-09-08T23:24:38","date_gmt":"2013-09-08T21:24:38","guid":{"rendered":"http:\/\/carlopeters.de\/?page_id=6"},"modified":"2013-09-12T13:05:34","modified_gmt":"2013-09-12T11:05:34","slug":"ueber-mich","status":"publish","type":"page","link":"https:\/\/carlopeters.de\/?page_id=6","title":{"rendered":"\u00dcber mich &#8230;"},"content":{"rendered":"<p>Herzlich willkommen in meinem Blog!<\/p>\n<p>Hallo,<br \/>\nich bin Carlo Peters und f\u00fchre hier meinen Blog.<br \/>\nMeine Blog-Themen ergeben sich haupts\u00e4chlich aus meinem Beruf und meinen Hobbys. Sie werden daher \u00fcberwiegend aus folgenden Themenbereichen stammen:<br \/>\nIngenieur- und Feuerwehrwesen, sowie Photographie.<br \/>\nBei den hier ver\u00f6ffentlichten Texten handelt es sich um meine pers\u00f6nliche Meinung und nicht die Meinung einer Organisation oder Firma.<\/p>\n<p>Ich w\u00fcnsche viel Spa\u00df beim St\u00f6bern und Kommentieren.<br \/>\nCarlo<\/p>\n","protected":false},"excerpt":{"rendered":"<p>Herzlich willkommen in meinem Blog! Hallo, ich bin Carlo Peters und f\u00fchre hier meinen Blog. Meine Blog-Themen ergeben sich haupts\u00e4chlich aus meinem Beruf und meinen Hobbys. Sie werden daher \u00fcberwiegend aus folgenden Themenbereichen stammen: Ingenieur- und Feuerwehrwesen, sowie Photographie. Bei &hellip; <a href=\"https:\/\/carlopeters.de\/?page_id=6\">Weiterlesen <span class=\"meta-nav\">&rarr;<\/span><\/a><\/p>\n","protected":false},"author":2,"featured_media":0,"parent":0,"menu_order":0,"comment_status":"closed","ping_status":"closed","template":"","meta":{"ngg_post_thumbnail":0,"footnotes":""},"class_list":["post-6","page","type-page","status-publish","hentry"],"_links":{"self":[{"href":"https:\/\/carlopeters.de\/index.php?rest_route=\/wp\/v2\/pages\/6","targetHints":{"allow":["GET"]}}],"collection":[{"href":"https:\/\/carlopeters.de\/index.php?rest_route=\/wp\/v2\/pages"}],"about":[{"href":"https:\/\/carlopeters.de\/index.php?rest_route=\/wp\/v2\/types\/page"}],"author":[{"embeddable":true,"href":"https:\/\/carlopeters.de\/index.php?rest_route=\/wp\/v2\/users\/2"}],"replies":[{"embeddable":true,"href":"https:\/\/carlopeters.de\/index.php?rest_route=%2Fwp%2Fv2%2Fcomments&post=6"}],"version-history":[{"count":7,"href":"https:\/\/carlopeters.de\/index.php?rest_route=\/wp\/v2\/pages\/6\/revisions"}],"predecessor-version":[{"id":42,"href":"https:\/\/carlopeters.de\/index.php?rest_route=\/wp\/v2\/pages\/6\/revisions\/42"}],"wp:attachment":[{"href":"https:\/\/carlopeters.de\/index.php?rest_route=%2Fwp%2Fv2%2Fmedia&parent=6"}],"curies":[{"name":"wp","href":"https:\/\/api.w.org\/{rel}","templated":true}]}}